{"id":1173,"date":"2019-04-02T16:48:15","date_gmt":"2019-04-02T14:48:15","guid":{"rendered":"https:\/\/neu.weingut-weis.de\/?page_id=1173"},"modified":"2019-12-09T11:24:22","modified_gmt":"2019-12-09T09:24:22","slug":"wine-estate","status":"publish","type":"page","link":"https:\/\/www.weingut-weis.de\/en\/wine-estate\/","title":{"rendered":"Wine estate"},"content":{"rendered":"<h2>Our Estate<\/h2>\n<div class=\"cf\">\n<p><figure class=\"ps size-image-size-440 alignright\" itemscope itemtype=\"http:\/\/schema.org\/ImageObject\"><a data-size=\"980x653\" href=\"\/wp-content\/uploads\/2019\/04\/weinprobe-tenne-06.jpg\" class=\"single-image\"><img loading=\"lazy\" decoding=\"async\" itemprop=\"contentURL\" src=\"https:\/\/www.weingut-weis.de\/wp-content\/uploads\/2019\/04\/weinprobe-tenne-06-440x300.jpg\" alt=\"\" width=\"440\" height=\"300\" class=\"alignright size-image-size-440 wp-image-1160\" \/><\/a><\/figure>\n<p>The roots of F.J. Weis Estate can be traced back to 1710. Peter Weis studied viniculture and management and has, for over thirty years, been running and expanding the family business on what is now more than 7.5 hectares. The vineyards are mainly on steep or very steep slopes located in the wine area of Zeller Schwarze Katz. It comes then as no surprise that the Riesling here is extraordinary with an exceptional, prize-winning quality. The different locations bring a surprisingly variety of aromas, each waiting to be discovered and developed.<\/p>\n<p>\tTake a journey of discovery and try something different: Rivaner \u2013 great to asparagus, Kerner &#8211; for the mellower palate, coming soon Wei\u00dfburgunder \u2013 low on  acidity with an intensive fruity aroma. If you are looking for proof that red wine from the Moselle can keep up with international standards then try the Schwarzriesling, Sp\u00e4tburgunder and Dornfelder from Peter Weis.\n<\/p><\/div>\n<div class=\"zertifikat-steillagenweinbau-wrap cf\">\n<h2 class=\"chart-title\">Agrarf\u00f6rderung<\/h2>\n<div class=\"zertifikat-steillagenweinbau cf\">\n<p><small>Der Betrieb erh\u00e4lt f\u00fcr seine Leistungen in<\/small><br \/>Agrarumwelt- und Klimama\u00dfnahmen:<\/p>\n<p><strong>Umweltschonender Steil- und Steilstlagenweinbau<\/strong><\/p>\n<p>einen Ausgleich durch:<\/p>\n<p>den Europ\u00e4ischen Landwirtschaftsfonds f\u00fcr die Entwicklung des l\u00e4ndlichen Raums (ELER): hier investiert Europa in die l\u00e4ndlichen Gebieteim Rahmen des<\/p>\n<p><strong>rheinland-pf\u00e4lzischen Entwicklungsprogramms \u201eUmweltma\u00dfnahmen, L\u00e4ndliche Entwicklung, Landwirtschaft, Ern\u00e4hrung\u201c<\/strong><\/p>\n<p>(EULLE) mitfinanziert durch das Land Rheinland-Pfalz.<\/p>\n<div class=\"zertifikat-logos cf\">\n\t\t\t<img decoding=\"async\" class=\"logo-eu-union\" src=\"\/wp-content\/media\/img\/weingut\/logo-europaische-union.png\" alt=\"Europ\u00e4ische Union\" \/><br \/>\n\t\t\t<img decoding=\"async\" class=\"rlp-weinbau-logo\" src=\"\/wp-content\/media\/img\/weingut\/rlp-weinbau-logo.png\" alt=\"Logo des Ministeriums f\u00fcr Wirtschaft, Verkehr, Landwirtschaft und Weinbau\" \/>\n\t\t<\/div>\n<\/p><\/div>\n<\/div>\n","protected":false},"excerpt":{"rendered":"<p>Our Estate The roots of F.J. Weis Estate can be traced back to 1710. Peter Weis studied viniculture and management and has, for over thirty years, been running and expanding the family business on what is now more than 7.5 hectares. The vineyards are mainly on steep or very steep slopes located in the wine [&hellip;]<\/p>\n","protected":false},"author":2,"featured_media":0,"parent":0,"menu_order":0,"comment_status":"open","ping_status":"open","template":"","meta":{"_acf_changed":false,"footnotes":"","_links_to":"","_links_to_target":""},"class_list":["post-1173","page","type-page","status-publish","hentry"],"acf":[],"yoast_head":"<!-- This site is optimized with the Yoast SEO plugin v27.4 - https:\/\/yoast.com\/product\/yoast-seo-wordpress\/ -->\n<title>Wine estate - Weingut F. J. Weis in Zell an der Mosel<\/title>\n<meta name=\"robots\" content=\"index, follow, max-snippet:-1, max-image-preview:large, max-video-preview:-1\" \/>\n<link rel=\"canonical\" href=\"https:\/\/www.weingut-weis.de\/en\/wine-estate\/\" \/>\n<meta property=\"og:locale\" content=\"en_US\" \/>\n<meta property=\"og:type\" content=\"article\" \/>\n<meta property=\"og:title\" content=\"Wine estate - Weingut F. J. Weis in Zell an der Mosel\" \/>\n<meta property=\"og:description\" content=\"Our Estate The roots of F.J. Weis Estate can be traced back to 1710. Peter Weis studied viniculture and management and has, for over thirty years, been running and expanding the family business on what is now more than 7.5 hectares. The vineyards are mainly on steep or very steep slopes located in the wine [&hellip;]\" \/>\n<meta property=\"og:url\" content=\"https:\/\/www.weingut-weis.de\/en\/wine-estate\/\" \/>\n<meta property=\"og:site_name\" content=\"Weingut F. J. Weis in Zell an der Mosel\" \/>\n<meta property=\"article:modified_time\" content=\"2019-12-09T09:24:22+00:00\" \/>\n<meta property=\"og:image\" content=\"https:\/\/www.weingut-weis.de\/wp-content\/uploads\/2019\/04\/weinprobe-tenne-06-440x300.jpg\" \/>\n<meta name=\"twitter:card\" content=\"summary_large_image\" \/>\n<meta name=\"twitter:label1\" content=\"Est. reading time\" \/>\n\t<meta name=\"twitter:data1\" content=\"1 minute\" \/>\n<script type=\"application\/ld+json\" class=\"yoast-schema-graph\">{\"@context\":\"https:\\\/\\\/schema.org\",\"@graph\":[{\"@type\":\"WebPage\",\"@id\":\"https:\\\/\\\/www.weingut-weis.de\\\/en\\\/wine-estate\\\/\",\"url\":\"https:\\\/\\\/www.weingut-weis.de\\\/en\\\/wine-estate\\\/\",\"name\":\"Wine estate - Weingut F. J. Weis in Zell an der Mosel\",\"isPartOf\":{\"@id\":\"http:\\\/\\\/www.weingut-weis.de\\\/#website\"},\"primaryImageOfPage\":{\"@id\":\"https:\\\/\\\/www.weingut-weis.de\\\/en\\\/wine-estate\\\/#primaryimage\"},\"image\":{\"@id\":\"https:\\\/\\\/www.weingut-weis.de\\\/en\\\/wine-estate\\\/#primaryimage\"},\"thumbnailUrl\":\"https:\\\/\\\/www.weingut-weis.de\\\/wp-content\\\/uploads\\\/2019\\\/04\\\/weinprobe-tenne-06-440x300.jpg\",\"datePublished\":\"2019-04-02T14:48:15+00:00\",\"dateModified\":\"2019-12-09T09:24:22+00:00\",\"breadcrumb\":{\"@id\":\"https:\\\/\\\/www.weingut-weis.de\\\/en\\\/wine-estate\\\/#breadcrumb\"},\"inLanguage\":\"en-US\",\"potentialAction\":[{\"@type\":\"ReadAction\",\"target\":[\"https:\\\/\\\/www.weingut-weis.de\\\/en\\\/wine-estate\\\/\"]}]},{\"@type\":\"ImageObject\",\"inLanguage\":\"en-US\",\"@id\":\"https:\\\/\\\/www.weingut-weis.de\\\/en\\\/wine-estate\\\/#primaryimage\",\"url\":\"https:\\\/\\\/www.weingut-weis.de\\\/wp-content\\\/uploads\\\/2019\\\/04\\\/weinprobe-tenne-06-440x300.jpg\",\"contentUrl\":\"https:\\\/\\\/www.weingut-weis.de\\\/wp-content\\\/uploads\\\/2019\\\/04\\\/weinprobe-tenne-06-440x300.jpg\"},{\"@type\":\"BreadcrumbList\",\"@id\":\"https:\\\/\\\/www.weingut-weis.de\\\/en\\\/wine-estate\\\/#breadcrumb\",\"itemListElement\":[{\"@type\":\"ListItem\",\"position\":1,\"name\":\"Startseite\",\"item\":\"https:\\\/\\\/www.weingut-weis.de\\\/en\\\/\"},{\"@type\":\"ListItem\",\"position\":2,\"name\":\"Wine estate\"}]},{\"@type\":\"WebSite\",\"@id\":\"http:\\\/\\\/www.weingut-weis.de\\\/#website\",\"url\":\"http:\\\/\\\/www.weingut-weis.de\\\/\",\"name\":\"Weingut F. J. Weis in Zell an der Mosel\",\"description\":\"\",\"publisher\":{\"@id\":\"http:\\\/\\\/www.weingut-weis.de\\\/#organization\"},\"potentialAction\":[{\"@type\":\"SearchAction\",\"target\":{\"@type\":\"EntryPoint\",\"urlTemplate\":\"http:\\\/\\\/www.weingut-weis.de\\\/?s={search_term_string}\"},\"query-input\":{\"@type\":\"PropertyValueSpecification\",\"valueRequired\":true,\"valueName\":\"search_term_string\"}}],\"inLanguage\":\"en-US\"},{\"@type\":\"Organization\",\"@id\":\"http:\\\/\\\/www.weingut-weis.de\\\/#organization\",\"name\":\"Weingut F. J. Weis\",\"url\":\"http:\\\/\\\/www.weingut-weis.de\\\/\",\"logo\":{\"@type\":\"ImageObject\",\"inLanguage\":\"en-US\",\"@id\":\"http:\\\/\\\/www.weingut-weis.de\\\/#\\\/schema\\\/logo\\\/image\\\/\",\"url\":\"https:\\\/\\\/www.weingut-weis.de\\\/wp-content\\\/uploads\\\/2019\\\/04\\\/logo.png\",\"contentUrl\":\"https:\\\/\\\/www.weingut-weis.de\\\/wp-content\\\/uploads\\\/2019\\\/04\\\/logo.png\",\"width\":980,\"height\":391,\"caption\":\"Weingut F. J. Weis\"},\"image\":{\"@id\":\"http:\\\/\\\/www.weingut-weis.de\\\/#\\\/schema\\\/logo\\\/image\\\/\"}}]}<\/script>\n<!-- \/ Yoast SEO plugin. -->","yoast_head_json":{"title":"Wine estate - Weingut F. J. Weis in Zell an der Mosel","robots":{"index":"index","follow":"follow","max-snippet":"max-snippet:-1","max-image-preview":"max-image-preview:large","max-video-preview":"max-video-preview:-1"},"canonical":"https:\/\/www.weingut-weis.de\/en\/wine-estate\/","og_locale":"en_US","og_type":"article","og_title":"Wine estate - Weingut F. J. Weis in Zell an der Mosel","og_description":"Our Estate The roots of F.J. Weis Estate can be traced back to 1710. Peter Weis studied viniculture and management and has, for over thirty years, been running and expanding the family business on what is now more than 7.5 hectares. The vineyards are mainly on steep or very steep slopes located in the wine [&hellip;]","og_url":"https:\/\/www.weingut-weis.de\/en\/wine-estate\/","og_site_name":"Weingut F. J. Weis in Zell an der Mosel","article_modified_time":"2019-12-09T09:24:22+00:00","og_image":[{"url":"https:\/\/www.weingut-weis.de\/wp-content\/uploads\/2019\/04\/weinprobe-tenne-06-440x300.jpg","type":"","width":"","height":""}],"twitter_card":"summary_large_image","twitter_misc":{"Est. reading time":"1 minute"},"schema":{"@context":"https:\/\/schema.org","@graph":[{"@type":"WebPage","@id":"https:\/\/www.weingut-weis.de\/en\/wine-estate\/","url":"https:\/\/www.weingut-weis.de\/en\/wine-estate\/","name":"Wine estate - Weingut F. J. Weis in Zell an der Mosel","isPartOf":{"@id":"http:\/\/www.weingut-weis.de\/#website"},"primaryImageOfPage":{"@id":"https:\/\/www.weingut-weis.de\/en\/wine-estate\/#primaryimage"},"image":{"@id":"https:\/\/www.weingut-weis.de\/en\/wine-estate\/#primaryimage"},"thumbnailUrl":"https:\/\/www.weingut-weis.de\/wp-content\/uploads\/2019\/04\/weinprobe-tenne-06-440x300.jpg","datePublished":"2019-04-02T14:48:15+00:00","dateModified":"2019-12-09T09:24:22+00:00","breadcrumb":{"@id":"https:\/\/www.weingut-weis.de\/en\/wine-estate\/#breadcrumb"},"inLanguage":"en-US","potentialAction":[{"@type":"ReadAction","target":["https:\/\/www.weingut-weis.de\/en\/wine-estate\/"]}]},{"@type":"ImageObject","inLanguage":"en-US","@id":"https:\/\/www.weingut-weis.de\/en\/wine-estate\/#primaryimage","url":"https:\/\/www.weingut-weis.de\/wp-content\/uploads\/2019\/04\/weinprobe-tenne-06-440x300.jpg","contentUrl":"https:\/\/www.weingut-weis.de\/wp-content\/uploads\/2019\/04\/weinprobe-tenne-06-440x300.jpg"},{"@type":"BreadcrumbList","@id":"https:\/\/www.weingut-weis.de\/en\/wine-estate\/#breadcrumb","itemListElement":[{"@type":"ListItem","position":1,"name":"Startseite","item":"https:\/\/www.weingut-weis.de\/en\/"},{"@type":"ListItem","position":2,"name":"Wine estate"}]},{"@type":"WebSite","@id":"http:\/\/www.weingut-weis.de\/#website","url":"http:\/\/www.weingut-weis.de\/","name":"Weingut F. J. Weis in Zell an der Mosel","description":"","publisher":{"@id":"http:\/\/www.weingut-weis.de\/#organization"},"potentialAction":[{"@type":"SearchAction","target":{"@type":"EntryPoint","urlTemplate":"http:\/\/www.weingut-weis.de\/?s={search_term_string}"},"query-input":{"@type":"PropertyValueSpecification","valueRequired":true,"valueName":"search_term_string"}}],"inLanguage":"en-US"},{"@type":"Organization","@id":"http:\/\/www.weingut-weis.de\/#organization","name":"Weingut F. J. Weis","url":"http:\/\/www.weingut-weis.de\/","logo":{"@type":"ImageObject","inLanguage":"en-US","@id":"http:\/\/www.weingut-weis.de\/#\/schema\/logo\/image\/","url":"https:\/\/www.weingut-weis.de\/wp-content\/uploads\/2019\/04\/logo.png","contentUrl":"https:\/\/www.weingut-weis.de\/wp-content\/uploads\/2019\/04\/logo.png","width":980,"height":391,"caption":"Weingut F. J. Weis"},"image":{"@id":"http:\/\/www.weingut-weis.de\/#\/schema\/logo\/image\/"}}]}},"_links":{"self":[{"href":"https:\/\/www.weingut-weis.de\/en\/wp-json\/wp\/v2\/pages\/1173","targetHints":{"allow":["GET"]}}],"collection":[{"href":"https:\/\/www.weingut-weis.de\/en\/wp-json\/wp\/v2\/pages"}],"about":[{"href":"https:\/\/www.weingut-weis.de\/en\/wp-json\/wp\/v2\/types\/page"}],"author":[{"embeddable":true,"href":"https:\/\/www.weingut-weis.de\/en\/wp-json\/wp\/v2\/users\/2"}],"replies":[{"embeddable":true,"href":"https:\/\/www.weingut-weis.de\/en\/wp-json\/wp\/v2\/comments?post=1173"}],"version-history":[{"count":8,"href":"https:\/\/www.weingut-weis.de\/en\/wp-json\/wp\/v2\/pages\/1173\/revisions"}],"predecessor-version":[{"id":1966,"href":"https:\/\/www.weingut-weis.de\/en\/wp-json\/wp\/v2\/pages\/1173\/revisions\/1966"}],"wp:attachment":[{"href":"https:\/\/www.weingut-weis.de\/en\/wp-json\/wp\/v2\/media?parent=1173"}],"curies":[{"name":"wp","href":"https:\/\/api.w.org\/{rel}","templated":true}]}}